{"id":20,"date":"2023-09-12T16:22:23","date_gmt":"2023-09-12T14:22:23","guid":{"rendered":"https:\/\/vinarstvivlach.cz\/?post_type=product&#038;p=20"},"modified":"2025-02-03T12:41:43","modified_gmt":"2025-02-03T11:41:43","slug":"pinot-blanc","status":"publish","type":"product","link":"https:\/\/wp.vinarstvivlach.cz\/de\/produkt\/pinot-blanc\/","title":{"rendered":"Wei\u00dfer Burgunder 2021"},"content":{"rendered":"<div class=\"vgblk-rw-wrapper limit-wrapper\">Wei\u00dfburgunder (Pinot Blanc) aus der Jungfernernte des Jahrgangs 2021. Wenn wir den Riesling als K\u00f6nig der Wei\u00dfweine bezeichnen, ist dies seine K\u00f6nigin.<\/p>\n<p>Der Wein wurde 2,5 Jahre lang in einem neuen Eichenfass von 600 l aus tschechischer (oder m\u00e4hrischer) Eiche ausgebaut.<\/p>\n<p>Trocken, leicht, mit w\u00fcrziger S\u00e4ure (sensationell niedriger als beim Riesling), feines Aroma, dezent unterst\u00fctzt durch das neue Fass, goldene Farbe.<\/p>\n<p>F\u00fcr ein optimales Geschmackserlebnis ist es ratsam, den Wein zu \u00f6ffnen (man kann ihn sogar probieren \ud83d\ude42 ), den Korken teilweise in den Flaschenhals zur\u00fcckzustecken und ihn bis zum n\u00e4chsten Tag an der Luft zu lassen, dann an einem k\u00fchlen Ort zu lagern.<\/p>\n<hr \/>\n<p>Alkohol (% vol.) : 12<\/p>\n<p>S\u00e4uren (g\/l) : 5,6<\/p>\n<p>Restzucker (g\/l) : 0,1<\/p>\n<p>SO2 insgesamt (mg\/l) : 27<\/p><\/div>\n<p><!-- .vgblk-rw-wrapper --><\/p>","protected":false},"excerpt":{"rendered":"<p>Pinot Blanc (Rulandsk\u00e9 b\u00edl\u00e9) z panensk\u00e9 sklizn\u011b ro\u010dn\u00edku 2021. Pokud pova\u017eujeme za kr\u00e1le b\u00edl\u00fdch v\u00edn Ryzlink r\u00fdnsk\u00fd, tak toto je jeho d\u00e1ma. V\u00edno zr\u00e1lo 2,5 roku v nov\u00e9m dubov\u00e9m sudu 600 l vyroben\u00e9m z \u010desk\u00e9ho (resp. moravsk\u00e9ho) dubu. Such\u00e9, leh\u010d\u00ed, s pikantn\u00ed kyselinkou (pocitov\u011b ni\u017e\u0161\u00ed ne\u017e u ryzlinku), jemn\u00e1 v\u016fn\u011b decentn\u011b podpo\u0159en\u00e1 nov\u00fdm sudem, nazl\u00e1tl\u00e1&#8230;<\/p>","protected":false},"featured_media":988751,"template":"","meta":[],"product_cat":[16],"product_tag":[83],"class_list":{"0":"post-20","1":"product","2":"type-product","3":"status-publish","4":"has-post-thumbnail","6":"product_cat-bila-vina","7":"product_tag-83","9":"first","10":"instock","11":"taxable","12":"shipping-taxable","13":"purchasable","14":"product-type-simple"},"_links":{"self":[{"href":"https:\/\/wp.vinarstvivlach.cz\/de\/wp-json\/wp\/v2\/product\/20","targetHints":{"allow":["GET"]}}],"collection":[{"href":"https:\/\/wp.vinarstvivlach.cz\/de\/wp-json\/wp\/v2\/product"}],"about":[{"href":"https:\/\/wp.vinarstvivlach.cz\/de\/wp-json\/wp\/v2\/types\/product"}],"version-history":[{"count":2,"href":"https:\/\/wp.vinarstvivlach.cz\/de\/wp-json\/wp\/v2\/product\/20\/revisions"}],"predecessor-version":[{"id":988455,"href":"https:\/\/wp.vinarstvivlach.cz\/de\/wp-json\/wp\/v2\/product\/20\/revisions\/988455"}],"wp:featuredmedia":[{"embeddable":true,"href":"https:\/\/wp.vinarstvivlach.cz\/de\/wp-json\/wp\/v2\/media\/988751"}],"wp:attachment":[{"href":"https:\/\/wp.vinarstvivlach.cz\/de\/wp-json\/wp\/v2\/media?parent=20"}],"wp:term":[{"taxonomy":"product_cat","embeddable":true,"href":"https:\/\/wp.vinarstvivlach.cz\/de\/wp-json\/wp\/v2\/product_cat?post=20"},{"taxonomy":"product_tag","embeddable":true,"href":"https:\/\/wp.vinarstvivlach.cz\/de\/wp-json\/wp\/v2\/product_tag?post=20"}],"curies":[{"name":"wp","href":"https:\/\/api.w.org\/{rel}","templated":true}]}}