{"id":24,"date":"2023-09-13T09:49:49","date_gmt":"2023-09-13T07:49:49","guid":{"rendered":"https:\/\/vinarstvivlach.cz\/?post_type=product&#038;p=24"},"modified":"2025-02-03T12:41:11","modified_gmt":"2025-02-03T11:41:11","slug":"pinot-gris","status":"publish","type":"product","link":"https:\/\/wp.vinarstvivlach.cz\/de\/produkt\/pinot-gris\/","title":{"rendered":"Grauburgunder 2021"},"content":{"rendered":"<div class=\"vgblk-rw-wrapper limit-wrapper\">Pinot Gris (Rulandsk\u00e9 \u0161ed\u00e9) z panensk\u00e9 sklizn\u011b ro\u010dn\u00edku 2021.<\/p>\n<p>Der Wein wurde 2,5 Jahre lang in einem neuen Eichenfass von 600 l aus tschechischer (oder m\u00e4hrischer) Eiche ausgebaut.<\/p>\n<p>Such\u00e9, s p\u0159\u00edjemnou kyselinkou, vy\u0161\u0161\u00ed t\u0159\u00edslovinkou (na \u00farovni oran\u017eov\u00fdch v\u00edn), jemn\u00e1 v\u016fn\u011b decentn\u011b podpo\u0159en\u00e1 nov\u00fdm sudem, visk\u00f3zn\u00ed, barva v roce 2025 medovo-nazl\u00e1tl\u00e1.<\/p>\n<p>F\u00fcr ein optimales Geschmackserlebnis ist es ratsam, den Wein zu \u00f6ffnen (man kann ihn sogar probieren \ud83d\ude42 ), den Korken teilweise in den Flaschenhals zur\u00fcckzustecken und ihn bis zum n\u00e4chsten Tag an der Luft zu lassen, dann an einem k\u00fchlen Ort zu lagern.<\/p>\n<hr \/>\n<p>Alkohol (% vol.) : 13<\/p>\n<p>kyseliny (g\/l) : 5,5<\/p>\n<p>Restzucker (g\/l) : 0,1<\/p>\n<p>SO2 celkov\u00fd (mg\/l) : 36<\/p><\/div>\n<p><!-- .vgblk-rw-wrapper --><\/p>","protected":false},"excerpt":{"rendered":"<p>Pinot Gris (Rulandsk\u00e9 \u0161ed\u00e9) z panensk\u00e9 sklizn\u011b ro\u010dn\u00edku 2021. V\u00edno zr\u00e1lo 2,5 roku v nov\u00e9m dubov\u00e9m sudu 600 l vyroben\u00e9m z \u010desk\u00e9ho (resp. moravsk\u00e9ho) dubu. Such\u00e9, s p\u0159\u00edjemnou kyselinkou, vy\u0161\u0161\u00ed t\u0159\u00edslovinkou (na \u00farovni oran\u017eov\u00fdch v\u00edn), jemn\u00e1 v\u016fn\u011b decentn\u011b podpo\u0159en\u00e1 nov\u00fdm sudem, visk\u00f3zn\u00ed, barva v roce 2025 medovo-nazl\u00e1tl\u00e1. Pro nejlep\u0161\u00ed z\u00e1\u017eitek je vhodn\u00e9 v\u00edno otev\u0159\u00edt (p\u0159i&#8230;<\/p>","protected":false},"featured_media":988750,"template":"","meta":[],"product_cat":[16],"product_tag":[83],"class_list":{"0":"post-24","1":"product","2":"type-product","3":"status-publish","4":"has-post-thumbnail","6":"product_cat-bila-vina","7":"product_tag-83","9":"first","10":"instock","11":"taxable","12":"shipping-taxable","13":"purchasable","14":"product-type-simple"},"_links":{"self":[{"href":"https:\/\/wp.vinarstvivlach.cz\/de\/wp-json\/wp\/v2\/product\/24","targetHints":{"allow":["GET"]}}],"collection":[{"href":"https:\/\/wp.vinarstvivlach.cz\/de\/wp-json\/wp\/v2\/product"}],"about":[{"href":"https:\/\/wp.vinarstvivlach.cz\/de\/wp-json\/wp\/v2\/types\/product"}],"version-history":[{"count":8,"href":"https:\/\/wp.vinarstvivlach.cz\/de\/wp-json\/wp\/v2\/product\/24\/revisions"}],"predecessor-version":[{"id":988577,"href":"https:\/\/wp.vinarstvivlach.cz\/de\/wp-json\/wp\/v2\/product\/24\/revisions\/988577"}],"wp:featuredmedia":[{"embeddable":true,"href":"https:\/\/wp.vinarstvivlach.cz\/de\/wp-json\/wp\/v2\/media\/988750"}],"wp:attachment":[{"href":"https:\/\/wp.vinarstvivlach.cz\/de\/wp-json\/wp\/v2\/media?parent=24"}],"wp:term":[{"taxonomy":"product_cat","embeddable":true,"href":"https:\/\/wp.vinarstvivlach.cz\/de\/wp-json\/wp\/v2\/product_cat?post=24"},{"taxonomy":"product_tag","embeddable":true,"href":"https:\/\/wp.vinarstvivlach.cz\/de\/wp-json\/wp\/v2\/product_tag?post=24"}],"curies":[{"name":"wp","href":"https:\/\/api.w.org\/{rel}","templated":true}]}}