{"id":31,"date":"2023-09-13T10:06:22","date_gmt":"2023-09-13T08:06:22","guid":{"rendered":"https:\/\/vinarstvivlach.cz\/?post_type=product&#038;p=31"},"modified":"2025-02-03T12:39:58","modified_gmt":"2025-02-03T11:39:58","slug":"pinot-noir-rose","status":"publish","type":"product","link":"https:\/\/wp.vinarstvivlach.cz\/de\/produkt\/pinot-noir-rose\/","title":{"rendered":"Pinot Noir ros\u00e9 2021"},"content":{"rendered":"<div class=\"vgblk-rw-wrapper limit-wrapper\">Pinot Noir ros\u00e9 (Rulandsk\u00e9 modr\u00e9) z panensk\u00e9 sklizn\u011b ro\u010dn\u00edku 2021. Z n\u011bmeck\u00fdch i francouzsk\u00fdch klon\u016f PN.<\/p>\n<p>Der Wein wurde 2,5 Jahre lang in einem neuen Eichenfass von 600 l aus tschechischer (oder m\u00e4hrischer) Eiche ausgebaut.<\/p>\n<p>Such\u00e9, ovocit\u011bj\u0161\u00ed, p\u0159\u00edjemn\u00e1 kyselinka, jemn\u00e1 v\u016fn\u011b decentn\u011b podpo\u0159en\u00e1 nov\u00fdm sudem, vy\u0161\u0161\u00ed \u010derven\u00e1 barva (na \u00farovni rossato).<\/p>\n<p>Pro nejlep\u0161\u00ed z\u00e1\u017eitek z v\u00edna je vhodn\u00e9 jej otev\u0159\u00edt (lze i ochutnat \ud83d\ude42 ), pak vlo\u017eit korek \u010d\u00e1ste\u010dn\u011b zp\u011bt do hrdla l\u00e1hve a nechat do druh\u00e9ho dne vyd\u00fdchat, ulo\u017eit v chladn\u00e9m prost\u0159ed\u00ed.<\/p>\n<hr \/>\n<p>Alkohol (% vol.) : 13<\/p>\n<p>S\u00e4uren (g\/l) : 5,6<\/p>\n<p>zbytkov\u00e9 cukry (g\/l) : 0,4<\/p>\n<p>SO2 celkov\u00fd (mg\/l) : 40<\/p><\/div>\n<p><!-- .vgblk-rw-wrapper --><\/p>","protected":false},"excerpt":{"rendered":"<p>Pinot Noir ros\u00e9 (Rulandsk\u00e9 modr\u00e9) z panensk\u00e9 sklizn\u011b ro\u010dn\u00edku 2021. Z n\u011bmeck\u00fdch i francouzsk\u00fdch klon\u016f PN. V\u00edno zr\u00e1lo 2,5 roku v nov\u00e9m dubov\u00e9m sudu 600 l vyroben\u00e9m z \u010desk\u00e9ho (resp. moravsk\u00e9ho) dubu. Such\u00e9, ovocit\u011bj\u0161\u00ed, p\u0159\u00edjemn\u00e1 kyselinka, jemn\u00e1 v\u016fn\u011b decentn\u011b podpo\u0159en\u00e1 nov\u00fdm sudem, vy\u0161\u0161\u00ed \u010derven\u00e1 barva (na \u00farovni rossato). Pro nejlep\u0161\u00ed z\u00e1\u017eitek z v\u00edna je vhodn\u00e9&#8230;<\/p>","protected":false},"featured_media":988748,"template":"","meta":[],"product_cat":[18],"product_tag":[83],"class_list":{"0":"post-31","1":"product","2":"type-product","3":"status-publish","4":"has-post-thumbnail","6":"product_cat-ruzova-vina","7":"product_tag-83","9":"first","10":"instock","11":"taxable","12":"shipping-taxable","13":"purchasable","14":"product-type-simple"},"_links":{"self":[{"href":"https:\/\/wp.vinarstvivlach.cz\/de\/wp-json\/wp\/v2\/product\/31","targetHints":{"allow":["GET"]}}],"collection":[{"href":"https:\/\/wp.vinarstvivlach.cz\/de\/wp-json\/wp\/v2\/product"}],"about":[{"href":"https:\/\/wp.vinarstvivlach.cz\/de\/wp-json\/wp\/v2\/types\/product"}],"version-history":[{"count":4,"href":"https:\/\/wp.vinarstvivlach.cz\/de\/wp-json\/wp\/v2\/product\/31\/revisions"}],"predecessor-version":[{"id":988430,"href":"https:\/\/wp.vinarstvivlach.cz\/de\/wp-json\/wp\/v2\/product\/31\/revisions\/988430"}],"wp:featuredmedia":[{"embeddable":true,"href":"https:\/\/wp.vinarstvivlach.cz\/de\/wp-json\/wp\/v2\/media\/988748"}],"wp:attachment":[{"href":"https:\/\/wp.vinarstvivlach.cz\/de\/wp-json\/wp\/v2\/media?parent=31"}],"wp:term":[{"taxonomy":"product_cat","embeddable":true,"href":"https:\/\/wp.vinarstvivlach.cz\/de\/wp-json\/wp\/v2\/product_cat?post=31"},{"taxonomy":"product_tag","embeddable":true,"href":"https:\/\/wp.vinarstvivlach.cz\/de\/wp-json\/wp\/v2\/product_tag?post=31"}],"curies":[{"name":"wp","href":"https:\/\/api.w.org\/{rel}","templated":true}]}}