{"id":37,"date":"2023-09-13T10:22:55","date_gmt":"2023-09-13T08:22:55","guid":{"rendered":"https:\/\/vinarstvivlach.cz\/?post_type=product&#038;p=37"},"modified":"2025-02-03T12:39:29","modified_gmt":"2025-02-03T11:39:29","slug":"pinot-noir","status":"publish","type":"product","link":"https:\/\/wp.vinarstvivlach.cz\/de\/produkt\/pinot-noir\/","title":{"rendered":"Pinot Noir \"F\" 2021 Barrique"},"content":{"rendered":"<div class=\"vgblk-rw-wrapper limit-wrapper\">Pinot Noir (Rulandsk\u00e9 modr\u00e9) z panensk\u00e9 sklizn\u011b ro\u010dn\u00edku 2021, limitovn\u00e1 \u0161ar\u017ee 280 lahv\u00ed (1x sud 225 l), z klon\u016f PN vy\u0161lecht\u011bn\u00fdch ve <strong>F<\/strong>rancii. Der K\u00f6nig der Rotweine.<\/p>\n<p>Der Wein wurde 2,5 Jahre lang in einem renovierten 225-Liter-Fass aus franz\u00f6sischer Eiche ausgebaut.<\/p>\n<p>Such\u00e9, pocitov\u011b leh\u010dej\u0161\u00ed (ve srovn\u00e1n\u00ed s PN &#8222;N&#8220;), p\u0159\u00edjemn\u00e1 kyselinka, jemn\u00e1 v\u016fn\u011b decentn\u011b podpo\u0159en\u00e1 nov\u00fdm sudem, \u010derven\u00e1 barva. Pro milovn\u00edky barikovan\u00fdch v\u00edn.<\/p>\n<hr \/>\n<p>Alkohol (% vol.) : 13<\/p>\n<p>S\u00e4uren (g\/l) : 6<\/p>\n<p>Restzucker (g\/l) : 0,1<\/p>\n<p>SO2 insgesamt (mg\/l) : 59<\/p><\/div>\n<p><!-- .vgblk-rw-wrapper --><\/p>","protected":false},"excerpt":{"rendered":"<p>Pinot Noir (Rulandsk\u00e9 modr\u00e9) z panensk\u00e9 sklizn\u011b ro\u010dn\u00edku 2021, limitovn\u00e1 \u0161ar\u017ee 280 lahv\u00ed (1x sud 225 l), z klon\u016f PN vy\u0161lecht\u011bn\u00fdch ve Francii. Kr\u00e1l \u010derven\u00fdch v\u00edn. V\u00edno zr\u00e1lo 2,5 roku v repasovan\u00e9m sudu 225 l vyroben\u00e9m z francouzsk\u00e9ho dubu. Such\u00e9, pocitov\u011b leh\u010dej\u0161\u00ed (ve srovn\u00e1n\u00ed s PN &#8222;N&#8220;), p\u0159\u00edjemn\u00e1 kyselinka, jemn\u00e1 v\u016fn\u011b decentn\u011b podpo\u0159en\u00e1 nov\u00fdm sudem,&#8230;<\/p>","protected":false},"featured_media":988747,"template":"","meta":[],"product_cat":[17],"product_tag":[83],"class_list":{"0":"post-37","1":"product","2":"type-product","3":"status-publish","4":"has-post-thumbnail","6":"product_cat-cervena-vina","7":"product_tag-83","9":"first","10":"instock","11":"taxable","12":"shipping-taxable","13":"purchasable","14":"product-type-simple"},"_links":{"self":[{"href":"https:\/\/wp.vinarstvivlach.cz\/de\/wp-json\/wp\/v2\/product\/37","targetHints":{"allow":["GET"]}}],"collection":[{"href":"https:\/\/wp.vinarstvivlach.cz\/de\/wp-json\/wp\/v2\/product"}],"about":[{"href":"https:\/\/wp.vinarstvivlach.cz\/de\/wp-json\/wp\/v2\/types\/product"}],"version-history":[{"count":8,"href":"https:\/\/wp.vinarstvivlach.cz\/de\/wp-json\/wp\/v2\/product\/37\/revisions"}],"predecessor-version":[{"id":988460,"href":"https:\/\/wp.vinarstvivlach.cz\/de\/wp-json\/wp\/v2\/product\/37\/revisions\/988460"}],"wp:featuredmedia":[{"embeddable":true,"href":"https:\/\/wp.vinarstvivlach.cz\/de\/wp-json\/wp\/v2\/media\/988747"}],"wp:attachment":[{"href":"https:\/\/wp.vinarstvivlach.cz\/de\/wp-json\/wp\/v2\/media?parent=37"}],"wp:term":[{"taxonomy":"product_cat","embeddable":true,"href":"https:\/\/wp.vinarstvivlach.cz\/de\/wp-json\/wp\/v2\/product_cat?post=37"},{"taxonomy":"product_tag","embeddable":true,"href":"https:\/\/wp.vinarstvivlach.cz\/de\/wp-json\/wp\/v2\/product_tag?post=37"}],"curies":[{"name":"wp","href":"https:\/\/api.w.org\/{rel}","templated":true}]}}