{"id":41,"date":"2023-09-13T10:32:28","date_gmt":"2023-09-13T08:32:28","guid":{"rendered":"https:\/\/vinarstvivlach.cz\/?post_type=product&#038;p=41"},"modified":"2025-02-03T12:37:52","modified_gmt":"2025-02-03T11:37:52","slug":"pinot-noir-n","status":"publish","type":"product","link":"https:\/\/wp.vinarstvivlach.cz\/de\/produkt\/pinot-noir-n\/","title":{"rendered":"Pinot Noir \"N\" 2021"},"content":{"rendered":"<div class=\"vgblk-rw-wrapper limit-wrapper\">Pinot Noir (Rulandsk\u00e9 modr\u00e9) z panensk\u00e9 sklizn\u011b ro\u010dn\u00edku 2021, z klon\u016f PN vy\u0161lecht\u011bn\u00fdch v <strong>N<\/strong>\u011bmecku. Kr\u00e1l \u010derven\u00fdch v\u00edn.<\/p>\n<p>Der Wein wurde 2,5 Jahre lang in einem neuen Eichenfass von 600 l aus tschechischer (oder m\u00e4hrischer) Eiche ausgebaut.<\/p>\n<p>Such\u00e9, hutn\u011bj\u0161\u00ed a ovocit\u011bj\u0161\u00ed (ve srovn\u00e1n\u00ed s PN &#8222;F&#8220;), p\u0159\u00edjemn\u00e1 kyselinka, jemn\u00e1 v\u016fn\u011b decentn\u011b podpo\u0159en\u00e1 nov\u00fdm sudem, tmav\u0161\u00ed \u010derven\u00e1 barva.<\/p>\n<hr \/>\n<p>alkohol (obj. %) : 13,5<\/p>\n<p>kyseliny (g\/l) : 5,7<\/p>\n<p>Restzucker (g\/l) : 0,3<\/p>\n<p>SO2 celkov\u00fd (mg\/l) : 62<\/p><\/div>\n<p><!-- .vgblk-rw-wrapper --><\/p>","protected":false},"excerpt":{"rendered":"<p>Pinot Noir (Rulandsk\u00e9 modr\u00e9) z panensk\u00e9 sklizn\u011b ro\u010dn\u00edku 2021, z klon\u016f PN vy\u0161lecht\u011bn\u00fdch v N\u011bmecku. Kr\u00e1l \u010derven\u00fdch v\u00edn. V\u00edno zr\u00e1lo 2,5 roku v nov\u00e9m dubov\u00e9m sudu 600 l vyroben\u00e9m z \u010desk\u00e9ho (resp. moravsk\u00e9ho) dubu. Such\u00e9, hutn\u011bj\u0161\u00ed a ovocit\u011bj\u0161\u00ed (ve srovn\u00e1n\u00ed s PN &#8222;F&#8220;), p\u0159\u00edjemn\u00e1 kyselinka, jemn\u00e1 v\u016fn\u011b decentn\u011b podpo\u0159en\u00e1 nov\u00fdm sudem, tmav\u0161\u00ed \u010derven\u00e1 barva. alkohol&#8230;<\/p>","protected":false},"featured_media":988745,"template":"","meta":[],"product_cat":[17],"product_tag":[83],"class_list":{"0":"post-41","1":"product","2":"type-product","3":"status-publish","4":"has-post-thumbnail","6":"product_cat-cervena-vina","7":"product_tag-83","9":"first","10":"instock","11":"taxable","12":"shipping-taxable","13":"purchasable","14":"product-type-simple"},"_links":{"self":[{"href":"https:\/\/wp.vinarstvivlach.cz\/de\/wp-json\/wp\/v2\/product\/41","targetHints":{"allow":["GET"]}}],"collection":[{"href":"https:\/\/wp.vinarstvivlach.cz\/de\/wp-json\/wp\/v2\/product"}],"about":[{"href":"https:\/\/wp.vinarstvivlach.cz\/de\/wp-json\/wp\/v2\/types\/product"}],"version-history":[{"count":9,"href":"https:\/\/wp.vinarstvivlach.cz\/de\/wp-json\/wp\/v2\/product\/41\/revisions"}],"predecessor-version":[{"id":988502,"href":"https:\/\/wp.vinarstvivlach.cz\/de\/wp-json\/wp\/v2\/product\/41\/revisions\/988502"}],"wp:featuredmedia":[{"embeddable":true,"href":"https:\/\/wp.vinarstvivlach.cz\/de\/wp-json\/wp\/v2\/media\/988745"}],"wp:attachment":[{"href":"https:\/\/wp.vinarstvivlach.cz\/de\/wp-json\/wp\/v2\/media?parent=41"}],"wp:term":[{"taxonomy":"product_cat","embeddable":true,"href":"https:\/\/wp.vinarstvivlach.cz\/de\/wp-json\/wp\/v2\/product_cat?post=41"},{"taxonomy":"product_tag","embeddable":true,"href":"https:\/\/wp.vinarstvivlach.cz\/de\/wp-json\/wp\/v2\/product_tag?post=41"}],"curies":[{"name":"wp","href":"https:\/\/api.w.org\/{rel}","templated":true}]}}