{"id":18,"date":"2023-09-12T16:08:49","date_gmt":"2023-09-12T14:08:49","guid":{"rendered":"https:\/\/vinarstvivlach.cz\/?post_type=product&#038;p=18"},"modified":"2025-02-03T12:42:29","modified_gmt":"2025-02-03T11:42:29","slug":"ryzlink","status":"publish","type":"product","link":"https:\/\/wp.vinarstvivlach.cz\/en\/product\/ryzlink\/","title":{"rendered":"Riesling 2021"},"content":{"rendered":"<div class=\"vgblk-rw-wrapper limit-wrapper\">Ryzlink r\u00fdnsk\u00fd z panensk\u00e9 sklizn\u011b ro\u010dn\u00edku 2021. Ryzlink r\u00fdnsk\u00fd = kr\u00e1l b\u00edl\u00fdch v\u00edn.<\/p>\n<p>The wine was aged for 2.5 years in a new 600 l oak barrel made of Czech (or Moravian) oak.<\/p>\n<p>Such\u00e9, \u0159\u00edzn\u011bj\u0161\u00ed kyselinka, nazl\u00e1tl\u00e1 barva.<\/p>\n<p>For the best experience it is advisable to open the wine (you can even taste it \ud83d\ude42 ), then put the cork partially back into the neck of the bottle and let it air out until the next day, store in a cool environment.<\/p>\n<hr \/>\n<p>Alcohol (% vol.) : 12<\/p>\n<p>acids (g\/l) : 7,1<\/p>\n<p>residual sugars (g\/l) : 0,1<\/p>\n<p>Total SO2 (mg\/l) : 34<\/p><\/div>\n<p><!-- .vgblk-rw-wrapper --><\/p>","protected":false},"excerpt":{"rendered":"<p>Ryzlink r\u00fdnsk\u00fd z panensk\u00e9 sklizn\u011b ro\u010dn\u00edku 2021. Ryzlink r\u00fdnsk\u00fd = kr\u00e1l b\u00edl\u00fdch v\u00edn. V\u00edno zr\u00e1lo 2,5 roku v nov\u00e9m dubov\u00e9m sudu 600 l vyroben\u00e9m z \u010desk\u00e9ho (resp. moravsk\u00e9ho) dubu. Such\u00e9, \u0159\u00edzn\u011bj\u0161\u00ed kyselinka, nazl\u00e1tl\u00e1 barva. Pro nejlep\u0161\u00ed z\u00e1\u017eitek je vhodn\u00e9 v\u00edno otev\u0159\u00edt (p\u0159i tom lze i ochutnat \ud83d\ude42 ), pak vlo\u017eit korek \u010d\u00e1ste\u010dn\u011b zp\u011bt do hrdla&#8230;<\/p>","protected":false},"featured_media":988752,"template":"","meta":[],"product_cat":[16],"product_tag":[83],"class_list":{"0":"post-18","1":"product","2":"type-product","3":"status-publish","4":"has-post-thumbnail","6":"product_cat-bila-vina","7":"product_tag-83","9":"first","10":"instock","11":"taxable","12":"shipping-taxable","13":"purchasable","14":"product-type-simple"},"_links":{"self":[{"href":"https:\/\/wp.vinarstvivlach.cz\/en\/wp-json\/wp\/v2\/product\/18","targetHints":{"allow":["GET"]}}],"collection":[{"href":"https:\/\/wp.vinarstvivlach.cz\/en\/wp-json\/wp\/v2\/product"}],"about":[{"href":"https:\/\/wp.vinarstvivlach.cz\/en\/wp-json\/wp\/v2\/types\/product"}],"version-history":[{"count":8,"href":"https:\/\/wp.vinarstvivlach.cz\/en\/wp-json\/wp\/v2\/product\/18\/revisions"}],"predecessor-version":[{"id":988457,"href":"https:\/\/wp.vinarstvivlach.cz\/en\/wp-json\/wp\/v2\/product\/18\/revisions\/988457"}],"wp:featuredmedia":[{"embeddable":true,"href":"https:\/\/wp.vinarstvivlach.cz\/en\/wp-json\/wp\/v2\/media\/988752"}],"wp:attachment":[{"href":"https:\/\/wp.vinarstvivlach.cz\/en\/wp-json\/wp\/v2\/media?parent=18"}],"wp:term":[{"taxonomy":"product_cat","embeddable":true,"href":"https:\/\/wp.vinarstvivlach.cz\/en\/wp-json\/wp\/v2\/product_cat?post=18"},{"taxonomy":"product_tag","embeddable":true,"href":"https:\/\/wp.vinarstvivlach.cz\/en\/wp-json\/wp\/v2\/product_tag?post=18"}],"curies":[{"name":"wp","href":"https:\/\/api.w.org\/{rel}","templated":true}]}}