{"id":20,"date":"2023-09-12T16:22:23","date_gmt":"2023-09-12T14:22:23","guid":{"rendered":"https:\/\/vinarstvivlach.cz\/?post_type=product&#038;p=20"},"modified":"2025-02-03T12:41:43","modified_gmt":"2025-02-03T11:41:43","slug":"pinot-blanc","status":"publish","type":"product","link":"https:\/\/wp.vinarstvivlach.cz\/en\/product\/pinot-blanc\/","title":{"rendered":"Pinot Blanc 2021"},"content":{"rendered":"<div class=\"vgblk-rw-wrapper limit-wrapper\">Pinot Blanc (Pinot Blanc) from the virgin harvest of the 2021 vintage. If we consider Riesling to be the king of white wines, this is its queen.<\/p>\n<p>The wine was aged for 2.5 years in a new 600 l oak barrel made of Czech (or Moravian) oak.<\/p>\n<p>Dry, lighter, with spicy acidity (sensationally lower than in Riesling), fine aroma subtly supported by the new barrel, golden colour.<\/p>\n<p>For the best experience it is advisable to open the wine (you can even taste it \ud83d\ude42 ), then put the cork partially back into the neck of the bottle and let it air out until the next day, store in a cool environment.<\/p>\n<hr \/>\n<p>Alcohol (% vol.) : 12<\/p>\n<p>acids (g\/l) : 5,6<\/p>\n<p>residual sugars (g\/l) : 0,1<\/p>\n<p>Total SO2 (mg\/l) : 27<\/p><\/div>\n<p><!-- .vgblk-rw-wrapper --><\/p>","protected":false},"excerpt":{"rendered":"<p>Pinot Blanc (Rulandsk\u00e9 b\u00edl\u00e9) z panensk\u00e9 sklizn\u011b ro\u010dn\u00edku 2021. Pokud pova\u017eujeme za kr\u00e1le b\u00edl\u00fdch v\u00edn Ryzlink r\u00fdnsk\u00fd, tak toto je jeho d\u00e1ma. V\u00edno zr\u00e1lo 2,5 roku v nov\u00e9m dubov\u00e9m sudu 600 l vyroben\u00e9m z \u010desk\u00e9ho (resp. moravsk\u00e9ho) dubu. Such\u00e9, leh\u010d\u00ed, s pikantn\u00ed kyselinkou (pocitov\u011b ni\u017e\u0161\u00ed ne\u017e u ryzlinku), jemn\u00e1 v\u016fn\u011b decentn\u011b podpo\u0159en\u00e1 nov\u00fdm sudem, nazl\u00e1tl\u00e1&#8230;<\/p>","protected":false},"featured_media":988751,"template":"","meta":[],"product_cat":[16],"product_tag":[83],"class_list":{"0":"post-20","1":"product","2":"type-product","3":"status-publish","4":"has-post-thumbnail","6":"product_cat-bila-vina","7":"product_tag-83","9":"first","10":"instock","11":"taxable","12":"shipping-taxable","13":"purchasable","14":"product-type-simple"},"_links":{"self":[{"href":"https:\/\/wp.vinarstvivlach.cz\/en\/wp-json\/wp\/v2\/product\/20","targetHints":{"allow":["GET"]}}],"collection":[{"href":"https:\/\/wp.vinarstvivlach.cz\/en\/wp-json\/wp\/v2\/product"}],"about":[{"href":"https:\/\/wp.vinarstvivlach.cz\/en\/wp-json\/wp\/v2\/types\/product"}],"version-history":[{"count":2,"href":"https:\/\/wp.vinarstvivlach.cz\/en\/wp-json\/wp\/v2\/product\/20\/revisions"}],"predecessor-version":[{"id":988455,"href":"https:\/\/wp.vinarstvivlach.cz\/en\/wp-json\/wp\/v2\/product\/20\/revisions\/988455"}],"wp:featuredmedia":[{"embeddable":true,"href":"https:\/\/wp.vinarstvivlach.cz\/en\/wp-json\/wp\/v2\/media\/988751"}],"wp:attachment":[{"href":"https:\/\/wp.vinarstvivlach.cz\/en\/wp-json\/wp\/v2\/media?parent=20"}],"wp:term":[{"taxonomy":"product_cat","embeddable":true,"href":"https:\/\/wp.vinarstvivlach.cz\/en\/wp-json\/wp\/v2\/product_cat?post=20"},{"taxonomy":"product_tag","embeddable":true,"href":"https:\/\/wp.vinarstvivlach.cz\/en\/wp-json\/wp\/v2\/product_tag?post=20"}],"curies":[{"name":"wp","href":"https:\/\/api.w.org\/{rel}","templated":true}]}}