{"id":25,"date":"2023-09-13T09:51:41","date_gmt":"2023-09-13T07:51:41","guid":{"rendered":"https:\/\/vinarstvivlach.cz\/?post_type=product&#038;p=25"},"modified":"2025-02-03T12:40:39","modified_gmt":"2025-02-03T11:40:39","slug":"gewurztraminer","status":"publish","type":"product","link":"https:\/\/wp.vinarstvivlach.cz\/en\/product\/gewurztraminer\/","title":{"rendered":"Gew\u00fcrztraminer 2021"},"content":{"rendered":"<div class=\"vgblk-rw-wrapper limit-wrapper\">Gew\u00fcrztraminer (Tram\u00edn) z panensk\u00e9 sklizn\u011b ro\u010dn\u00edku 2021. Z n\u011bmeck\u00fdch a francouzsk\u00fdch klon\u016f GT, nejedn\u00e1 se o standardn\u00ed tram\u00edn \u010derven\u00fd.<\/p>\n<p>The wine was aged for 2.5 years in a new 600 l oak barrel made of Czech (or Moravian) oak.<\/p>\n<p>Such\u00e9, s ni\u017e\u0161\u00ed kyselinkou, jemn\u00e9 (kv\u011btinov\u00e9) v\u016fn\u011b decentn\u011b podpo\u0159en\u00e9 nov\u00fdm sudem, visk\u00f3zn\u00ed, \u017elut\u00e1 a\u017e nazl\u00e1tl\u00e1 barva.<\/p>\n<p>For the best experience it is advisable to open the wine (you can even taste it \ud83d\ude42 ), then put the cork partially back into the neck of the bottle and let it air out until the next day, store in a cool environment.<\/p>\n<hr \/>\n<p>alkohol (obj. %) : 13,5<\/p>\n<p>kyseliny (g\/l) : 4,8<\/p>\n<p>zbytkov\u00e9 cukry (g\/l) : 0,2<\/p>\n<p>SO2 celkov\u00fd (mg\/l) : 26<\/p><\/div>\n<p><!-- .vgblk-rw-wrapper --><\/p>","protected":false},"excerpt":{"rendered":"<p>Gew\u00fcrztraminer (Tram\u00edn) z panensk\u00e9 sklizn\u011b ro\u010dn\u00edku 2021. Z n\u011bmeck\u00fdch a francouzsk\u00fdch klon\u016f GT, nejedn\u00e1 se o standardn\u00ed tram\u00edn \u010derven\u00fd. V\u00edno zr\u00e1lo 2,5 roku v nov\u00e9m dubov\u00e9m sudu 600 l vyroben\u00e9m z \u010desk\u00e9ho (resp. moravsk\u00e9ho) dubu. Such\u00e9, s ni\u017e\u0161\u00ed kyselinkou, jemn\u00e9 (kv\u011btinov\u00e9) v\u016fn\u011b decentn\u011b podpo\u0159en\u00e9 nov\u00fdm sudem, visk\u00f3zn\u00ed, \u017elut\u00e1 a\u017e nazl\u00e1tl\u00e1 barva. Pro nejlep\u0161\u00ed z\u00e1\u017eitek je&#8230;<\/p>","protected":false},"featured_media":988749,"template":"","meta":[],"product_cat":[16],"product_tag":[83],"class_list":{"0":"post-25","1":"product","2":"type-product","3":"status-publish","4":"has-post-thumbnail","6":"product_cat-bila-vina","7":"product_tag-83","9":"first","10":"instock","11":"taxable","12":"shipping-taxable","13":"purchasable","14":"product-type-simple"},"_links":{"self":[{"href":"https:\/\/wp.vinarstvivlach.cz\/en\/wp-json\/wp\/v2\/product\/25","targetHints":{"allow":["GET"]}}],"collection":[{"href":"https:\/\/wp.vinarstvivlach.cz\/en\/wp-json\/wp\/v2\/product"}],"about":[{"href":"https:\/\/wp.vinarstvivlach.cz\/en\/wp-json\/wp\/v2\/types\/product"}],"version-history":[{"count":5,"href":"https:\/\/wp.vinarstvivlach.cz\/en\/wp-json\/wp\/v2\/product\/25\/revisions"}],"predecessor-version":[{"id":988450,"href":"https:\/\/wp.vinarstvivlach.cz\/en\/wp-json\/wp\/v2\/product\/25\/revisions\/988450"}],"wp:featuredmedia":[{"embeddable":true,"href":"https:\/\/wp.vinarstvivlach.cz\/en\/wp-json\/wp\/v2\/media\/988749"}],"wp:attachment":[{"href":"https:\/\/wp.vinarstvivlach.cz\/en\/wp-json\/wp\/v2\/media?parent=25"}],"wp:term":[{"taxonomy":"product_cat","embeddable":true,"href":"https:\/\/wp.vinarstvivlach.cz\/en\/wp-json\/wp\/v2\/product_cat?post=25"},{"taxonomy":"product_tag","embeddable":true,"href":"https:\/\/wp.vinarstvivlach.cz\/en\/wp-json\/wp\/v2\/product_tag?post=25"}],"curies":[{"name":"wp","href":"https:\/\/api.w.org\/{rel}","templated":true}]}}