{"id":40,"date":"2023-09-13T10:31:24","date_gmt":"2023-09-13T08:31:24","guid":{"rendered":"https:\/\/vinarstvivlach.cz\/?post_type=product&#038;p=40"},"modified":"2025-02-03T12:38:43","modified_gmt":"2025-02-03T11:38:43","slug":"pinot-noir-f","status":"publish","type":"product","link":"https:\/\/wp.vinarstvivlach.cz\/en\/product\/pinot-noir-f\/","title":{"rendered":"Pinot Noir \"F\" 2021"},"content":{"rendered":"<div class=\"vgblk-rw-wrapper limit-wrapper\">Pinot Noir (Pinot Noir) from the virgin harvest of the 2021 vintage, from PN clones bred in <strong>F<\/strong>rancii. The king of red wines.<\/p>\n<p>The wine was aged for 2.5 years in a new 600 l oak barrel made of Czech (or Moravian) oak.<\/p>\n<p>Dry, lighter in feel (compared to PN \"N\"), pleasant acidity, fine aroma subtly supported by the new cask, red colour.<\/p>\n<hr \/>\n<p>Alcohol (% vol.) : 13<\/p>\n<p>acids (g\/l) : 6<\/p>\n<p>residual sugars (g\/l) : 0,1<\/p>\n<p>Total SO2 (mg\/l) : 59<\/p><\/div>\n<p><!-- .vgblk-rw-wrapper --><\/p>","protected":false},"excerpt":{"rendered":"<p>Pinot Noir (Rulandsk\u00e9 modr\u00e9) z panensk\u00e9 sklizn\u011b ro\u010dn\u00edku 2021, z klon\u016f PN vy\u0161lecht\u011bn\u00fdch ve Francii. Kr\u00e1l \u010derven\u00fdch v\u00edn. V\u00edno zr\u00e1lo 2,5 roku v nov\u00e9m dubov\u00e9m sudu 600 l vyroben\u00e9m z \u010desk\u00e9ho (resp. moravsk\u00e9ho) dubu. Such\u00e9, pocitov\u011b leh\u010dej\u0161\u00ed (ve srovn\u00e1n\u00ed s PN &#8222;N&#8220;), p\u0159\u00edjemn\u00e1 kyselinka, jemn\u00e1 v\u016fn\u011b decentn\u011b podpo\u0159en\u00e1 nov\u00fdm sudem, \u010derven\u00e1 barva. alkohol (obj. %)&#8230;<\/p>","protected":false},"featured_media":988746,"template":"","meta":[],"product_cat":[17],"product_tag":[83],"class_list":{"0":"post-40","1":"product","2":"type-product","3":"status-publish","4":"has-post-thumbnail","6":"product_cat-cervena-vina","7":"product_tag-83","9":"first","10":"instock","11":"taxable","12":"shipping-taxable","13":"purchasable","14":"product-type-simple"},"_links":{"self":[{"href":"https:\/\/wp.vinarstvivlach.cz\/en\/wp-json\/wp\/v2\/product\/40","targetHints":{"allow":["GET"]}}],"collection":[{"href":"https:\/\/wp.vinarstvivlach.cz\/en\/wp-json\/wp\/v2\/product"}],"about":[{"href":"https:\/\/wp.vinarstvivlach.cz\/en\/wp-json\/wp\/v2\/types\/product"}],"version-history":[{"count":6,"href":"https:\/\/wp.vinarstvivlach.cz\/en\/wp-json\/wp\/v2\/product\/40\/revisions"}],"predecessor-version":[{"id":988459,"href":"https:\/\/wp.vinarstvivlach.cz\/en\/wp-json\/wp\/v2\/product\/40\/revisions\/988459"}],"wp:featuredmedia":[{"embeddable":true,"href":"https:\/\/wp.vinarstvivlach.cz\/en\/wp-json\/wp\/v2\/media\/988746"}],"wp:attachment":[{"href":"https:\/\/wp.vinarstvivlach.cz\/en\/wp-json\/wp\/v2\/media?parent=40"}],"wp:term":[{"taxonomy":"product_cat","embeddable":true,"href":"https:\/\/wp.vinarstvivlach.cz\/en\/wp-json\/wp\/v2\/product_cat?post=40"},{"taxonomy":"product_tag","embeddable":true,"href":"https:\/\/wp.vinarstvivlach.cz\/en\/wp-json\/wp\/v2\/product_tag?post=40"}],"curies":[{"name":"wp","href":"https:\/\/api.w.org\/{rel}","templated":true}]}}