{"id":988265,"date":"2024-12-20T14:44:45","date_gmt":"2024-12-20T13:44:45","guid":{"rendered":"https:\/\/vinarstvivlach.cz\/?post_type=product&#038;p=988265"},"modified":"2025-02-03T12:35:54","modified_gmt":"2025-02-03T11:35:54","slug":"ryzlink-2021-barrique","status":"publish","type":"product","link":"https:\/\/wp.vinarstvivlach.cz\/en\/product\/riesling-2021-barrique\/","title":{"rendered":"Riesling 2021 barrique"},"content":{"rendered":"<div class=\"vgblk-rw-wrapper limit-wrapper\">Riesling barrique from the virgin harvest of the 2021 vintage, limited batch of 280 bottles (1x barrel 225 l). Riesling = the king of white wines.<\/p>\n<p>The wine was aged for 2,5 years in a refurbished 225 l barrel made of French oak.<\/p>\n<p>Dry, with more acidity, darker golden colour, for lovers of stained wines.<\/p>\n<p>For the best experience it is advisable to open the wine (you can even taste it \ud83d\ude42 ), then put the cork partially back into the neck of the bottle and let it air out until the next day, store in a cool environment.<\/p>\n<hr \/>\n<p>Alcohol (% vol.) : 12<\/p>\n<p>acids (g\/l) : 7,1<\/p>\n<p>residual sugars (g\/l) : 0,1<\/p>\n<p>Total SO2 (mg\/l) : 34<\/p><\/div>\n<p><!-- .vgblk-rw-wrapper --><\/p>","protected":false},"excerpt":{"rendered":"<p>Ryzlink r\u00fdnsk\u00fd barrique z panensk\u00e9 sklizn\u011b ro\u010dn\u00edku 2021, limitovn\u00e1 \u0161ar\u017ee 280 lahv\u00ed (1x sud 225 l). Ryzlink r\u00fdnsk\u00fd = kr\u00e1l b\u00edl\u00fdch v\u00edn. V\u00edno zr\u00e1lo 2,5 roku v repasovan\u00e9m sudu 225 l vyroben\u00e9m z francouzsk\u00e9ho dubu. Such\u00e9, \u0159\u00edzn\u011bj\u0161\u00ed kyselinka, tmav\u0161\u00ed nazl\u00e1tl\u00e1 barva, pro milovn\u00edky barikovan\u00fdch v\u00edn. Pro nejlep\u0161\u00ed z\u00e1\u017eitek je vhodn\u00e9 v\u00edno otev\u0159\u00edt (p\u0159i tom lze&#8230;<\/p>","protected":false},"featured_media":988742,"template":"","meta":[],"product_cat":[16],"product_tag":[83],"class_list":{"0":"post-988265","1":"product","2":"type-product","3":"status-publish","4":"has-post-thumbnail","6":"product_cat-bila-vina","7":"product_tag-83","9":"first","10":"instock","11":"taxable","12":"shipping-taxable","13":"purchasable","14":"product-type-simple"},"_links":{"self":[{"href":"https:\/\/wp.vinarstvivlach.cz\/en\/wp-json\/wp\/v2\/product\/988265","targetHints":{"allow":["GET"]}}],"collection":[{"href":"https:\/\/wp.vinarstvivlach.cz\/en\/wp-json\/wp\/v2\/product"}],"about":[{"href":"https:\/\/wp.vinarstvivlach.cz\/en\/wp-json\/wp\/v2\/types\/product"}],"version-history":[{"count":13,"href":"https:\/\/wp.vinarstvivlach.cz\/en\/wp-json\/wp\/v2\/product\/988265\/revisions"}],"predecessor-version":[{"id":988513,"href":"https:\/\/wp.vinarstvivlach.cz\/en\/wp-json\/wp\/v2\/product\/988265\/revisions\/988513"}],"wp:featuredmedia":[{"embeddable":true,"href":"https:\/\/wp.vinarstvivlach.cz\/en\/wp-json\/wp\/v2\/media\/988742"}],"wp:attachment":[{"href":"https:\/\/wp.vinarstvivlach.cz\/en\/wp-json\/wp\/v2\/media?parent=988265"}],"wp:term":[{"taxonomy":"product_cat","embeddable":true,"href":"https:\/\/wp.vinarstvivlach.cz\/en\/wp-json\/wp\/v2\/product_cat?post=988265"},{"taxonomy":"product_tag","embeddable":true,"href":"https:\/\/wp.vinarstvivlach.cz\/en\/wp-json\/wp\/v2\/product_tag?post=988265"}],"curies":[{"name":"wp","href":"https:\/\/api.w.org\/{rel}","templated":true}]}}